{"id":30,"date":"2026-03-13T22:08:59","date_gmt":"2026-03-13T22:08:59","guid":{"rendered":"https:\/\/chippy.wrenda.se\/?page_id=30"},"modified":"2026-03-15T20:11:58","modified_gmt":"2026-03-15T20:11:58","slug":"landing","status":"publish","type":"page","link":"https:\/\/chippy.wrenda.se\/","title":{"rendered":"Landing"},"content":{"rendered":"\t\t<div data-elementor-type=\"wp-page\" data-elementor-id=\"30\" class=\"elementor elementor-30\" data-elementor-post-type=\"page\">\n\t\t\t\t<div class=\"elementor-element elementor-element-3938766 e-flex e-con-boxed e-con e-parent\" data-id=\"3938766\" data-element_type=\"container\" data-e-type=\"container\">\n\t\t\t\t\t<div class=\"e-con-inner\">\n\t\t\t\t<div class=\"elementor-element elementor-element-144df2b elementor-widget elementor-widget-heading\" data-id=\"144df2b\" data-element_type=\"widget\" data-e-type=\"widget\" data-widget_type=\"heading.default\">\n\t\t\t\t\t<h2 class=\"elementor-heading-title elementor-size-default\">&lt;<\/h2>\t\t\t\t<\/div>\n\t\t\t\t<div class=\"elementor-element elementor-element-f6e5e0e elementor-widget elementor-widget-heading\" data-id=\"f6e5e0e\" data-element_type=\"widget\" data-e-type=\"widget\" data-widget_type=\"heading.default\">\n\t\t\t\t\t<h2 class=\"elementor-heading-title elementor-size-default\">Chippy<\/h2>\t\t\t\t<\/div>\n\t\t\t\t<div class=\"elementor-element elementor-element-9be15b9 elementor-widget elementor-widget-heading\" data-id=\"9be15b9\" data-element_type=\"widget\" data-e-type=\"widget\" data-widget_type=\"heading.default\">\n\t\t\t\t\t<h2 class=\"elementor-heading-title elementor-size-default\">&gt;<\/h2>\t\t\t\t<\/div>\n\t\t\t\t\t<\/div>\n\t\t\t\t<\/div>\n\t\t<div class=\"elementor-element elementor-element-37193dc e-flex e-con-boxed e-con e-parent\" data-id=\"37193dc\" data-element_type=\"container\" data-e-type=\"container\">\n\t\t\t\t\t<div class=\"e-con-inner\">\n\t\t\t\t<div class=\"elementor-element elementor-element-a4aeab7 elementor-widget elementor-widget-text-editor\" data-id=\"a4aeab7\" data-element_type=\"widget\" data-e-type=\"widget\" data-widget_type=\"text-editor.default\">\n\t\t\t\t\t\t\t\t\t<p>leverant\u00f6r till webbplatser<\/p>\t\t\t\t\t\t\t\t<\/div>\n\t\t\t\t\t<\/div>\n\t\t\t\t<\/div>\n\t\t<div class=\"elementor-element elementor-element-efe93ef e-flex e-con-boxed e-con e-parent\" data-id=\"efe93ef\" data-element_type=\"container\" data-e-type=\"container\">\n\t\t\t\t\t<div class=\"e-con-inner\">\n\t\t\t\t<div class=\"elementor-element elementor-element-c5b6db1 elementor-widget-divider--view-line elementor-widget elementor-widget-divider\" data-id=\"c5b6db1\" data-element_type=\"widget\" data-e-type=\"widget\" data-widget_type=\"divider.default\">\n\t\t\t\t\t\t\t<div class=\"elementor-divider\">\n\t\t\t<span class=\"elementor-divider-separator\">\n\t\t\t\t\t\t<\/span>\n\t\t<\/div>\n\t\t\t\t\t\t<\/div>\n\t\t\t\t<div class=\"elementor-element elementor-element-bab8dee elementor-widget elementor-widget-text-editor\" data-id=\"bab8dee\" data-element_type=\"widget\" data-e-type=\"widget\" data-widget_type=\"text-editor.default\">\n\t\t\t\t\t\t\t\t\t<p>H\u00e4r testas f\u00e4rger, typografi, komponenter<br \/>och layouter innan de flyttar vidare<br \/>till sina riktiga hem p\u00e5 internet.<\/p>\t\t\t\t\t\t\t\t<\/div>\n\t\t\t\t\t<\/div>\n\t\t\t\t<\/div>\n\t\t<div class=\"elementor-element elementor-element-02c339f e-flex e-con-boxed e-con e-parent\" data-id=\"02c339f\" data-element_type=\"container\" data-e-type=\"container\">\n\t\t\t\t\t<div class=\"e-con-inner\">\n\t\t\t\t<div class=\"elementor-element elementor-element-80397ca elementor-widget-divider--view-line elementor-widget elementor-widget-divider\" data-id=\"80397ca\" data-element_type=\"widget\" data-e-type=\"widget\" data-widget_type=\"divider.default\">\n\t\t\t\t\t\t\t<div class=\"elementor-divider\">\n\t\t\t<span class=\"elementor-divider-separator\">\n\t\t\t\t\t\t<\/span>\n\t\t<\/div>\n\t\t\t\t\t\t<\/div>\n\t\t\t\t<div class=\"elementor-element elementor-element-20c9289 elementor-widget elementor-widget-text-editor\" data-id=\"20c9289\" data-element_type=\"widget\" data-e-type=\"widget\" data-widget_type=\"text-editor.default\">\n\t\t\t\t\t\t\t\t\t<p>\u00a9 2026 wrenda<\/p>\t\t\t\t\t\t\t\t<\/div>\n\t\t\t\t\t<\/div>\n\t\t\t\t<\/div>\n\t\t\t\t<\/div>\n\t\t","protected":false},"excerpt":{"rendered":"<p>&lt; Chippy &gt; leverant\u00f6r till webbplatser H\u00e4r testas f\u00e4rger, typografi, komponenteroch layouter innan de flyttar vidaretill sina riktiga hem p\u00e5 internet. \u00a9 2026 wrenda<\/p>\n","protected":false},"author":1,"featured_media":0,"parent":0,"menu_order":0,"comment_status":"closed","ping_status":"closed","template":"elementor_canvas","meta":{"footnotes":""},"class_list":["post-30","page","type-page","status-publish","hentry"],"_links":{"self":[{"href":"https:\/\/chippy.wrenda.se\/index.php\/wp-json\/wp\/v2\/pages\/30","targetHints":{"allow":["GET"]}}],"collection":[{"href":"https:\/\/chippy.wrenda.se\/index.php\/wp-json\/wp\/v2\/pages"}],"about":[{"href":"https:\/\/chippy.wrenda.se\/index.php\/wp-json\/wp\/v2\/types\/page"}],"author":[{"embeddable":true,"href":"https:\/\/chippy.wrenda.se\/index.php\/wp-json\/wp\/v2\/users\/1"}],"replies":[{"embeddable":true,"href":"https:\/\/chippy.wrenda.se\/index.php\/wp-json\/wp\/v2\/comments?post=30"}],"version-history":[{"count":43,"href":"https:\/\/chippy.wrenda.se\/index.php\/wp-json\/wp\/v2\/pages\/30\/revisions"}],"predecessor-version":[{"id":77,"href":"https:\/\/chippy.wrenda.se\/index.php\/wp-json\/wp\/v2\/pages\/30\/revisions\/77"}],"wp:attachment":[{"href":"https:\/\/chippy.wrenda.se\/index.php\/wp-json\/wp\/v2\/media?parent=30"}],"curies":[{"name":"wp","href":"https:\/\/api.w.org\/{rel}","templated":true}]}}